{"id":2621,"date":"2020-12-20T06:50:50","date_gmt":"2020-12-20T06:50:50","guid":{"rendered":"http:\/\/familie.steenstrup.org\/?page_id=2621"},"modified":"2020-12-20T06:50:50","modified_gmt":"2020-12-20T06:50:50","slug":"ris","status":"publish","type":"page","link":"https:\/\/familie.steenstrup.org\/?page_id=2621","title":{"rendered":"Ris"},"content":{"rendered":"\n<p>Ris skal koges i forholdet 1:2 &#8211; dvs. brug f.eks. 1 dl ris og 2 dl vand.<\/p>\n\n\n\n<p>Basmatiris skal skylles f\u00f8r det s\u00e6ttes over.<\/p>\n\n\n\n<p>Ris og vand s\u00e6ttes over. Tils\u00e6t salt n\u00e5r risen koger og r\u00f8r rundt med en gaffel. Sluk blusset og lad gryden st\u00e5 p\u00e5 blusset i mindst 15 minutter. <\/p>\n","protected":false},"excerpt":{"rendered":"<p>Ris skal koges i forholdet 1:2 &#8211; dvs. brug f.eks. 1 dl ris og 2 dl vand. Basmatiris skal skylles f\u00f8r det s\u00e6ttes over. Ris og vand s\u00e6ttes over. Tils\u00e6t salt n\u00e5r risen koger og r\u00f8r rundt med en gaffel. Sluk blusset og lad gryden st\u00e5 p\u00e5 blusset i mindst 15 minutter.<\/p>\n","protected":false},"author":1,"featured_media":0,"parent":2610,"menu_order":1,"comment_status":"closed","ping_status":"closed","template":"","meta":{"footnotes":""},"class_list":["post-2621","page","type-page","status-publish","hentry"],"_links":{"self":[{"href":"https:\/\/familie.steenstrup.org\/index.php?rest_route=\/wp\/v2\/pages\/2621","targetHints":{"allow":["GET"]}}],"collection":[{"href":"https:\/\/familie.steenstrup.org\/index.php?rest_route=\/wp\/v2\/pages"}],"about":[{"href":"https:\/\/familie.steenstrup.org\/index.php?rest_route=\/wp\/v2\/types\/page"}],"author":[{"embeddable":true,"href":"https:\/\/familie.steenstrup.org\/index.php?rest_route=\/wp\/v2\/users\/1"}],"replies":[{"embeddable":true,"href":"https:\/\/familie.steenstrup.org\/index.php?rest_route=%2Fwp%2Fv2%2Fcomments&post=2621"}],"version-history":[{"count":0,"href":"https:\/\/familie.steenstrup.org\/index.php?rest_route=\/wp\/v2\/pages\/2621\/revisions"}],"up":[{"embeddable":true,"href":"https:\/\/familie.steenstrup.org\/index.php?rest_route=\/wp\/v2\/pages\/2610"}],"wp:attachment":[{"href":"https:\/\/familie.steenstrup.org\/index.php?rest_route=%2Fwp%2Fv2%2Fmedia&parent=2621"}],"curies":[{"name":"wp","href":"https:\/\/api.w.org\/{rel}","templated":true}]}}